{"id":17,"date":"2009-03-19T10:02:44","date_gmt":"2009-03-19T14:02:44","guid":{"rendered":"http:\/\/furler.ca\/wordpress\/?page_id=17"},"modified":"2010-08-26T14:40:15","modified_gmt":"2010-08-26T19:40:15","slug":"description","status":"publish","type":"page","link":"https:\/\/furler.ca\/wordpress\/description\/","title":{"rendered":"Description"},"content":{"rendered":"<p><BR \/><BR \/><\/p>\n<h1 style=\"text-align: center;\"><strong>Ce qu&rsquo;il faut savoir sur l&rsquo;enrouleur de voiles Simplicit\u00e9<\/strong><\/h1>\n<p><BR \/><\/p>\n<h2 style=\"text-align: center;\">MONTEZ-LE ET OUBLIEZ-LE!<\/h2>\n<p><BR \/><\/p>\n<p style=\"text-align: justify;\">L&rsquo;enrouleur Simplicit\u00e9 est un enrouleur de voiles de qualit\u00e9 sup\u00e9rieur.\u00a0 Il a \u00e9t\u00e9 con\u00e7u pour durer \u00e0 vie sur votre voilier.\u00a0 Fait d&rsquo;aluminium peint et cuit, acier inoxidable, rigging d&rsquo;acier et de rondelle de nylatron (m\u00e9lange de nylon, pour la douceur de la surface, de teflon pour sa durabilit\u00e9 et de graphite pour sa lubrification permanente).<\/p>\n<ul>\n\t<BR \/><\/p>\n<li>Un outil de s\u00e9curit\u00e9 pour navigateur solitaire<\/li>\n<\/ul>\n<ul>\n\t<BR \/><\/p>\n<li> sans changement \u00e0 vos installations.<\/li>\n<\/ul>\n<ul>\n\t<BR \/><\/p>\n<li> sans roulement \u00e0 billes ou ressort<\/li>\n<\/ul>\n<ul>\n\t<BR \/><\/p>\n<li> a sa propre drisse<\/li>\n<\/ul>\n<ul>\n\t<BR \/><\/p>\n<li> directement du manufacturier<\/li>\n<\/ul>\n<ul>\n\t<BR \/><\/p>\n<li>le m\u00e9canisme ne peut jamais saisir<\/li>\n<\/ul>\n<ul>\n\t<BR \/><\/p>\n<li> vendu complet pour installer avec poulie et taquet<\/li>\n<\/ul>\n<p><BR \/><BR \/><\/p>\n<p style=\"text-align: center;\"><span style=\"color: #ff0000;\"><strong>Votre premier et dernier enrouleur de voiles!<\/strong><br \/>\n<\/span><br \/>\n<BR \/><\/p>\n<p style=\"text-align: center;\"><strong>Oui&#8230; J&rsquo;ai assez navigu\u00e9 sans enrouleur.<\/strong><\/p>\n","protected":false},"excerpt":{"rendered":"<p>Ce qu&rsquo;il faut savoir sur l&rsquo;enrouleur de voiles Simplicit\u00e9 MONTEZ-LE ET OUBLIEZ-LE! L&rsquo;enrouleur Simplicit\u00e9 est un enrouleur de voiles de qualit\u00e9 sup\u00e9rieur.\u00a0 Il a \u00e9t\u00e9 con\u00e7u pour durer \u00e0 vie sur votre voilier.\u00a0 Fait d&rsquo;aluminium peint et cuit, acier inoxidable, rigging d&rsquo;acier et de rondelle de nylatron (m\u00e9lange de nylon, pour la douceur de la [&hellip;]<\/p>\n","protected":false},"author":1,"featured_media":0,"parent":0,"menu_order":0,"comment_status":"closed","ping_status":"open","template":"","meta":{"footnotes":""},"aioseo_notices":[],"_links":{"self":[{"href":"https:\/\/furler.ca\/wordpress\/wp-json\/wp\/v2\/pages\/17"}],"collection":[{"href":"https:\/\/furler.ca\/wordpress\/wp-json\/wp\/v2\/pages"}],"about":[{"href":"https:\/\/furler.ca\/wordpress\/wp-json\/wp\/v2\/types\/page"}],"author":[{"embeddable":true,"href":"https:\/\/furler.ca\/wordpress\/wp-json\/wp\/v2\/users\/1"}],"replies":[{"embeddable":true,"href":"https:\/\/furler.ca\/wordpress\/wp-json\/wp\/v2\/comments?post=17"}],"version-history":[{"count":26,"href":"https:\/\/furler.ca\/wordpress\/wp-json\/wp\/v2\/pages\/17\/revisions"}],"predecessor-version":[{"id":180,"href":"https:\/\/furler.ca\/wordpress\/wp-json\/wp\/v2\/pages\/17\/revisions\/180"}],"wp:attachment":[{"href":"https:\/\/furler.ca\/wordpress\/wp-json\/wp\/v2\/media?parent=17"}],"curies":[{"name":"wp","href":"https:\/\/api.w.org\/{rel}","templated":true}]}}