{"id":2,"date":"2009-03-10T14:20:46","date_gmt":"2009-03-10T18:20:46","guid":{"rendered":"http:\/\/furler.ca\/wordpress\/?page_id=2"},"modified":"2010-08-26T14:37:18","modified_gmt":"2010-08-26T19:37:18","slug":"a-propos","status":"publish","type":"page","link":"https:\/\/furler.ca\/wordpress\/","title":{"rendered":"Acceuil"},"content":{"rendered":"<p><BR \/><BR \/><strong>L&rsquo;enrouleur de voiles par excellence!<\/strong><img loading=\"lazy\" decoding=\"async\" class=\"alignright\" src=\"http:\/\/furler.ca\/photo.gif\" alt=\"Enrouleur\" width=\"258\" height=\"351\" \/><br \/>\n<BR \/><BR \/><strong>Sans roulement \u00e0 billes<\/strong><br \/>\n<BR \/><br \/>\n<strong>Facile \u00e0 installer<\/strong><br \/>\n<BR \/><br \/>\n<strong>Sans plastique<\/strong><br \/>\n<BR \/><br \/>\n<strong>Ne saisis pas<\/strong><br \/>\n<BR \/><br \/>\n<strong>Vendu complet<\/strong><br \/>\n<BR \/><br \/>\n<strong>Tout d&rsquo;aluminium<\/strong><br \/>\n<BR \/><br \/>\n<strong>\u00c0 partir de 750.00$<\/strong><br \/>\n<BR \/><br \/>\n<strong> <\/strong><\/p>\n<p><strong> <\/strong><br \/>\n<BR \/><\/p>\n<p style=\"text-align: center;\">Achetez directement du manufacturier.<br \/>\nD\u00e9j\u00e0 1500 unit\u00e9s vendus au Canada<\/p>\n<p style=\"text-align: center;\">Invent\u00e9 et fabriqu\u00e9 au Canada<\/p>\n<p style=\"text-align: center;\"><img decoding=\"async\" src=\"http:\/\/furler.ca\/canada.gif\" alt=\"Drapeau\" \/><\/p>\n","protected":false},"excerpt":{"rendered":"<p>L&rsquo;enrouleur de voiles par excellence! Sans roulement \u00e0 billes Facile \u00e0 installer Sans plastique Ne saisis pas Vendu complet Tout d&rsquo;aluminium \u00c0 partir de 750.00$ Achetez directement du manufacturier. D\u00e9j\u00e0 1500 unit\u00e9s vendus au Canada Invent\u00e9 et fabriqu\u00e9 au Canada<\/p>\n","protected":false},"author":1,"featured_media":0,"parent":0,"menu_order":0,"comment_status":"closed","ping_status":"open","template":"","meta":{"footnotes":""},"aioseo_notices":[],"_links":{"self":[{"href":"https:\/\/furler.ca\/wordpress\/wp-json\/wp\/v2\/pages\/2"}],"collection":[{"href":"https:\/\/furler.ca\/wordpress\/wp-json\/wp\/v2\/pages"}],"about":[{"href":"https:\/\/furler.ca\/wordpress\/wp-json\/wp\/v2\/types\/page"}],"author":[{"embeddable":true,"href":"https:\/\/furler.ca\/wordpress\/wp-json\/wp\/v2\/users\/1"}],"replies":[{"embeddable":true,"href":"https:\/\/furler.ca\/wordpress\/wp-json\/wp\/v2\/comments?post=2"}],"version-history":[{"count":57,"href":"https:\/\/furler.ca\/wordpress\/wp-json\/wp\/v2\/pages\/2\/revisions"}],"predecessor-version":[{"id":178,"href":"https:\/\/furler.ca\/wordpress\/wp-json\/wp\/v2\/pages\/2\/revisions\/178"}],"wp:attachment":[{"href":"https:\/\/furler.ca\/wordpress\/wp-json\/wp\/v2\/media?parent=2"}],"curies":[{"name":"wp","href":"https:\/\/api.w.org\/{rel}","templated":true}]}}