{"id":23,"date":"2009-03-19T10:14:19","date_gmt":"2009-03-19T14:14:19","guid":{"rendered":"http:\/\/furler.ca\/wordpress\/?page_id=23"},"modified":"2009-11-25T09:49:24","modified_gmt":"2009-11-25T14:49:24","slug":"dessin","status":"publish","type":"page","link":"https:\/\/furler.ca\/wordpress\/dessin\/","title":{"rendered":"Dessin"},"content":{"rendered":"<p><img loading=\"lazy\" decoding=\"async\" class=\"alignright\" src=\"http:\/\/furler.ca\/schema2.gif\" alt=\"Sch\u00e9ma\" width=\"256\" height=\"704\" \/><\/p>\n<p><strong><span style=\"text-decoration: underline;\">L\u00e9gende<\/span><\/strong><\/p>\n<p><BR \/><strong>1- Butoir<\/strong><\/p>\n<p><BR \/><strong>2-2a &#8211; Coussinet<\/strong><\/p>\n<p><BR \/><strong>3 &#8211; Manchon<\/strong><\/p>\n<p><BR \/><strong>4 &#8211; Poulie<\/strong><\/p>\n<p><BR \/><strong>5 &#8211; Sertissage de l&rsquo;\u00e9tai<\/strong><\/p>\n<p><BR \/><strong>6 &#8211; Section<\/strong><\/p>\n<p><BR \/><strong>7 &#8211; \u00c9tai<\/strong><\/p>\n<p><BR \/><strong>8 &#8211; Manille<\/strong><\/p>\n<p><BR \/><strong>9 &#8211; Taquet<\/strong><\/p>\n<p><BR \/><strong>10 &#8211; Moulinet<\/strong><\/p>\n<p><BR \/><strong>13 &#8211; Rondelle de nylon<\/strong><\/p>\n<p><BR \/><strong>14 &#8211; Guide de c\u00e2ble<\/strong><\/p>\n<p><BR \/><strong>15 &#8211; Garde de c\u00e2ble<\/strong><\/p>\n<p><BR \/><strong>16 &#8211; Tige<\/strong><\/p>\n<p><BR \/><BR \/><BR \/><BR \/><BR \/><BR \/><BR \/><\/p>\n<p style=\"text-align: center;\"><span style=\"color: #000080;\"><strong><a href=\"http:\/\/www.furler.ca\/install_instruc_fr.pdf\">Guide d&rsquo;installation d&rsquo;assemblage <img decoding=\"async\" src=\"http:\/\/furler.ca\/pdflogo.png\" alt=\"kpdf\" \/><\/a><\/p>\n<p><\/strong><\/span><\/p>\n<p style=\"text-align: center;\"><img decoding=\"async\" src=\"http:\/\/furler.ca\/logo1_petit.jpg\" alt=\"logo\" \/><\/strong><\/p>\n<p style=\"text-align: center;\"><span style=\"color: #0000ff;\"><strong>Avec ses pi\u00e8ces r\u00e9sistantes et faciles \u00e0 installer, l&rsquo;enrouleur simplicit\u00e9 est celui que vous avez toujours d\u00e9sirez!<\/strong><\/span><\/p>\n","protected":false},"excerpt":{"rendered":"<p>L\u00e9gende 1- Butoir 2-2a &#8211; Coussinet 3 &#8211; Manchon 4 &#8211; Poulie 5 &#8211; Sertissage de l&rsquo;\u00e9tai 6 &#8211; Section 7 &#8211; \u00c9tai 8 &#8211; Manille 9 &#8211; Taquet 10 &#8211; Moulinet 13 &#8211; Rondelle de nylon 14 &#8211; Guide de c\u00e2ble 15 &#8211; Garde de c\u00e2ble 16 &#8211; Tige Guide d&rsquo;installation d&rsquo;assemblage Avec ses [&hellip;]<\/p>\n","protected":false},"author":1,"featured_media":0,"parent":0,"menu_order":0,"comment_status":"closed","ping_status":"open","template":"","meta":{"footnotes":""},"aioseo_notices":[],"_links":{"self":[{"href":"https:\/\/furler.ca\/wordpress\/wp-json\/wp\/v2\/pages\/23"}],"collection":[{"href":"https:\/\/furler.ca\/wordpress\/wp-json\/wp\/v2\/pages"}],"about":[{"href":"https:\/\/furler.ca\/wordpress\/wp-json\/wp\/v2\/types\/page"}],"author":[{"embeddable":true,"href":"https:\/\/furler.ca\/wordpress\/wp-json\/wp\/v2\/users\/1"}],"replies":[{"embeddable":true,"href":"https:\/\/furler.ca\/wordpress\/wp-json\/wp\/v2\/comments?post=23"}],"version-history":[{"count":52,"href":"https:\/\/furler.ca\/wordpress\/wp-json\/wp\/v2\/pages\/23\/revisions"}],"predecessor-version":[{"id":167,"href":"https:\/\/furler.ca\/wordpress\/wp-json\/wp\/v2\/pages\/23\/revisions\/167"}],"wp:attachment":[{"href":"https:\/\/furler.ca\/wordpress\/wp-json\/wp\/v2\/media?parent=23"}],"curies":[{"name":"wp","href":"https:\/\/api.w.org\/{rel}","templated":true}]}}