{"id":52,"date":"2009-03-19T12:06:51","date_gmt":"2009-03-19T16:06:51","guid":{"rendered":"http:\/\/furler.ca\/wordpress\/?page_id=52"},"modified":"2026-01-13T20:07:29","modified_gmt":"2026-01-14T01:07:29","slug":"bon-de-commande","status":"publish","type":"page","link":"https:\/\/furler.ca\/wordpress\/bon-de-commande\/","title":{"rendered":"Commandez"},"content":{"rendered":"\n<div class=\"wp-block-columns is-layout-flex wp-container-core-columns-layout-1 wp-block-columns-is-layout-flex\">\n<div class=\"wp-block-column is-layout-flow wp-block-column-is-layout-flow\" style=\"flex-basis:100%\">\n<h2>Pour commander un enrouleur Simplicit\u00e9 ad\u00e9quatement:<\/h2>\n<p>\u00a0<\/p>\n<ul>\n<li>\n<h2>Mesurez la longueur du cable d&rsquo;acier inoxidable de l&rsquo;\u00e9tai, i.e. entre les sertissages (swages)<\/h2>\n<\/li>\n<\/ul>\n<ul>\n<li>\n<h2>La ralingue devra \u00eatre 3\/16&Prime;.<\/h2>\n<\/li>\n<\/ul>\n<p>\u00a0<\/p>\n<h2>\u00a0<\/h2>\n<h2><em>Contactez-nous par t\u00e9l\u00e9phone pour passer votre commande!<\/em><\/h2>\n<p>\u00a0<\/p>\n<h2>\u00a0<\/h2>\n<h2><span style=\"text-decoration: underline;\">Prix:<\/span><\/h2>\n<p>\u00a0<\/p>\n<ul>\n<li>\n<h2>Jusqu&rsquo;\u00e0 20&prime; = 845$<\/h2>\n<\/li>\n<li>\n<h2>Jusqu&rsquo;\u00e0 25&prime; = 895$<\/h2>\n<\/li>\n<li>\n<h2>Jusqu&rsquo;\u00e0 30&prime; = 940$<\/h2>\n<\/li>\n<li>\n<h2>Jusqu&rsquo;\u00e0 35&prime; = 990$<\/h2>\n<\/li>\n<li>\n<h2>Jusqu&rsquo;\u00e0 40&prime; = 1015$<\/h2>\n<\/li>\n<\/ul>\n<h2>\u00a0<\/h2>\n<p>\u00a0<\/p>\n<h2>Frais de transport en sus.<\/h2>\n<\/div>\n<\/div>\n","protected":false},"excerpt":{"rendered":"<p>Pour commander un enrouleur Simplicit\u00e9 ad\u00e9quatement: \u00a0 Mesurez la longueur du cable d&rsquo;acier inoxidable de l&rsquo;\u00e9tai, i.e. entre les sertissages (swages) La ralingue devra \u00eatre 3\/16&Prime;. \u00a0 \u00a0 Contactez-nous par t\u00e9l\u00e9phone pour passer votre commande! \u00a0 \u00a0 Prix: \u00a0 Jusqu&rsquo;\u00e0 20&prime; = 845$ Jusqu&rsquo;\u00e0 25&prime; = 895$ Jusqu&rsquo;\u00e0 30&prime; = 940$ Jusqu&rsquo;\u00e0 35&prime; = 990$ [&hellip;]<\/p>\n","protected":false},"author":1,"featured_media":0,"parent":0,"menu_order":0,"comment_status":"closed","ping_status":"closed","template":"","meta":{"footnotes":""},"aioseo_notices":[],"_links":{"self":[{"href":"https:\/\/furler.ca\/wordpress\/wp-json\/wp\/v2\/pages\/52"}],"collection":[{"href":"https:\/\/furler.ca\/wordpress\/wp-json\/wp\/v2\/pages"}],"about":[{"href":"https:\/\/furler.ca\/wordpress\/wp-json\/wp\/v2\/types\/page"}],"author":[{"embeddable":true,"href":"https:\/\/furler.ca\/wordpress\/wp-json\/wp\/v2\/users\/1"}],"replies":[{"embeddable":true,"href":"https:\/\/furler.ca\/wordpress\/wp-json\/wp\/v2\/comments?post=52"}],"version-history":[{"count":20,"href":"https:\/\/furler.ca\/wordpress\/wp-json\/wp\/v2\/pages\/52\/revisions"}],"predecessor-version":[{"id":200,"href":"https:\/\/furler.ca\/wordpress\/wp-json\/wp\/v2\/pages\/52\/revisions\/200"}],"wp:attachment":[{"href":"https:\/\/furler.ca\/wordpress\/wp-json\/wp\/v2\/media?parent=52"}],"curies":[{"name":"wp","href":"https:\/\/api.w.org\/{rel}","templated":true}]}}