{"id":56,"date":"2009-03-19T13:04:23","date_gmt":"2009-03-19T17:04:23","guid":{"rendered":"http:\/\/furler.ca\/wordpress\/?page_id=56"},"modified":"2022-05-31T13:06:45","modified_gmt":"2022-05-31T18:06:45","slug":"produits","status":"publish","type":"page","link":"https:\/\/furler.ca\/wordpress\/produits\/","title":{"rendered":"Produits"},"content":{"rendered":"<h1><span style=\"text-decoration: underline;\">COULISSEAUX SIMPLICIT\u00c9<\/span><\/h1>\n<p><span style=\"text-decoration: underline;\">\u00a0<\/span><\/p>\n<p><img decoding=\"async\" class=\"alignright\" src=\"http:\/\/furler.ca\/slug.jpg\" alt=\"coulisseau\" \/><br \/>\nLes COULISSEAUX SIMPLICIT\u00c9 remplacent les mousquetons des focs et des g\u00e9nois, leur permettant ainsi de s&rsquo;adapter \u00e0 la plupart des enrouleurs.<\/p>\n<p>Diam\u00e8tre du coulisseau 3\/16&Prime; &#8211; 5mm<\/p>\n<p><span style=\"color: #ff0000;\">10.00$\u00a0 \u00c9pargnez +\/- 200.00$<\/span><\/p>\n<p>Enlevez les mousquetons existants et remplacez les par des COULISSEAUX SIMPLICIT\u00c9<\/p>\n<p><a href=\"mailto:simplicite@alignement.com\"><br \/>\nCommandez-ici<\/a><\/p>\n","protected":false},"excerpt":{"rendered":"<p>COULISSEAUX SIMPLICIT\u00c9 \u00a0 Les COULISSEAUX SIMPLICIT\u00c9 remplacent les mousquetons des focs et des g\u00e9nois, leur permettant ainsi de s&rsquo;adapter \u00e0 la plupart des enrouleurs. Diam\u00e8tre du coulisseau 3\/16&Prime; &#8211; 5mm 10.00$\u00a0 \u00c9pargnez +\/- 200.00$ Enlevez les mousquetons existants et remplacez les par des COULISSEAUX SIMPLICIT\u00c9 Commandez-ici<\/p>\n","protected":false},"author":1,"featured_media":0,"parent":0,"menu_order":8,"comment_status":"closed","ping_status":"closed","template":"","meta":{"footnotes":""},"aioseo_notices":[],"_links":{"self":[{"href":"https:\/\/furler.ca\/wordpress\/wp-json\/wp\/v2\/pages\/56"}],"collection":[{"href":"https:\/\/furler.ca\/wordpress\/wp-json\/wp\/v2\/pages"}],"about":[{"href":"https:\/\/furler.ca\/wordpress\/wp-json\/wp\/v2\/types\/page"}],"author":[{"embeddable":true,"href":"https:\/\/furler.ca\/wordpress\/wp-json\/wp\/v2\/users\/1"}],"replies":[{"embeddable":true,"href":"https:\/\/furler.ca\/wordpress\/wp-json\/wp\/v2\/comments?post=56"}],"version-history":[{"count":18,"href":"https:\/\/furler.ca\/wordpress\/wp-json\/wp\/v2\/pages\/56\/revisions"}],"predecessor-version":[{"id":190,"href":"https:\/\/furler.ca\/wordpress\/wp-json\/wp\/v2\/pages\/56\/revisions\/190"}],"wp:attachment":[{"href":"https:\/\/furler.ca\/wordpress\/wp-json\/wp\/v2\/media?parent=56"}],"curies":[{"name":"wp","href":"https:\/\/api.w.org\/{rel}","templated":true}]}}